{"id":388,"date":"2022-03-25T20:32:33","date_gmt":"2022-03-25T23:32:33","guid":{"rendered":"https:\/\/ilti.com.br\/?page_id=388"},"modified":"2024-10-24T16:28:15","modified_gmt":"2024-10-24T19:28:15","slug":"politica-de-privacidade","status":"publish","type":"page","link":"https:\/\/ilti.com.br\/es\/politica-de-privacidade\/","title":{"rendered":"Pol\u00edtica de Privacidad"},"content":{"rendered":"<div data-elementor-type=\"wp-page\" data-elementor-id=\"388\" class=\"elementor elementor-388\" data-elementor-post-type=\"page\">\n\t\t\t\t\t\t<section class=\"elementor-section elementor-top-section elementor-element elementor-element-8be21d9 elementor-section-boxed elementor-section-height-default elementor-section-height-default\" data-id=\"8be21d9\" data-element_type=\"section\" data-e-type=\"section\">\n\t\t\t\t\t\t<div class=\"elementor-container elementor-column-gap-default\">\n\t\t\t\t\t<div class=\"elementor-column elementor-col-100 elementor-top-column elementor-element elementor-element-cb4800b\" data-id=\"cb4800b\" data-element_type=\"column\" data-e-type=\"column\">\n\t\t\t<div class=\"elementor-widget-wrap elementor-element-populated\">\n\t\t\t\t\t\t<div class=\"elementor-element elementor-element-ad67dd6 elementor-widget elementor-widget-heading\" data-id=\"ad67dd6\" data-element_type=\"widget\" data-e-type=\"widget\" data-widget_type=\"heading.default\">\n\t\t\t\t<div class=\"elementor-widget-container\">\n\t\t\t\t\t<h1 class=\"elementor-heading-title elementor-size-default\">Politica de Privacidade<\/h1>\t\t\t\t<\/div>\n\t\t\t\t<\/div>\n\t\t\t\t<div class=\"elementor-element elementor-element-22219f4 elementor-widget elementor-widget-text-editor\" data-id=\"22219f4\" data-element_type=\"widget\" data-e-type=\"widget\" data-widget_type=\"text-editor.default\">\n\t\t\t\t<div class=\"elementor-widget-container\">\n\t\t\t\t\t\t\t\t\t<p><span style=\"font-weight: 400;\">N\u00f3s da Intermodal Logistics temos todo o cuidado com seus dados e informa\u00e7\u00f5es, trabalhamos em conformidade com a Regulamenta\u00e7\u00e3o com a Lei Geral de Prote\u00e7\u00e3o de Dados Pessoais (Lei n\u00ba\u00a0<\/span><a href=\"https:\/\/www.jusbrasil.com.br\/legislacao\/612902269\/lei-13709-18\"><span style=\"font-weight: 400;\">13709<\/span><\/a><span style=\"font-weight: 400;\">\/18). <\/span><span style=\"font-weight: 400;\"><br \/><\/span><span style=\"font-weight: 400;\"><br \/><\/span><span style=\"font-weight: 400;\">Nos comprometemos com as normas e exig\u00eancias acerca da coleta, armazenamento e tratamento de dados pessoais de usu\u00e1rios e visitantes de nosso site. E, os dados pessoais que coletamos em nosso site s\u00e3o destinados a receber contato das \u00e1reas correlatas ao atendimento solicitado.\u00a0<\/span><\/p><p><span style=\"font-weight: 400;\">Estes dados tamb\u00e9m alimentam nosso mailing, e todos do nosso mailing recebem regularmente informa\u00e7\u00f5es sobre nossos servi\u00e7os, sobre o mercado de importa\u00e7\u00e3o e exporta\u00e7\u00e3o, e outras informa\u00e7\u00f5es relacionadas.<\/span><span style=\"font-weight: 400;\"><br \/><br \/><\/span><\/p><p><span style=\"font-weight: 400;\">Importante ressaltar que os dados dos visitantes e usu\u00e1rios do site\u00a0 <\/span><a href=\"https:\/\/ilti.com.br\/es\/\"><span style=\"font-weight: 400;\">https:\/\/ilti.com.br\/<\/span><\/a><span style=\"font-weight: 400;\"> s\u00e3o de uso exclusivo da empresa n\u00e3o sendo repassado a terceiros.<\/span><\/p><p><span style=\"font-weight: 400;\">Os dados pessoais do usu\u00e1rio e visitante s\u00e3o recolhidos pela plataforma da seguinte forma:<\/span><\/p><ul><li style=\"font-weight: 400;\" aria-level=\"1\"><span style=\"font-weight: 400;\">Quando o usu\u00e1rio preenche o formul\u00e1rio em nosso site est\u00e1 informando dados b\u00e1sicos de identifica\u00e7\u00e3o, como:<\/span><span style=\"font-weight: 400;\"><br \/><\/span><span style=\"font-weight: 400;\">&#8211; nome completo, empresa, e-mail e telefone. <\/span><span style=\"font-weight: 400;\"><br \/><\/span><span style=\"font-weight: 400;\">A partir destas informa\u00e7\u00f5es, identificamos o usu\u00e1rio e ou visitante, al\u00e9m de garantir uma maior seguran\u00e7a e bem-estar \u00e0s suas necessidades. <\/span><span style=\"font-weight: 400;\"><br \/><br \/><\/span><\/li><li style=\"font-weight: 400;\" aria-level=\"1\"><span style=\"font-weight: 400;\">Quando um usu\u00e1rio e visitante acessa o site suas informa\u00e7\u00f5es sobre intera\u00e7\u00e3o e acesso s\u00e3o coletadas pela empresa para garantir uma melhor experi\u00eancia ao usu\u00e1rio e visitante. Estes dados podem tratar sobre as palavras-chaves utilizadas em uma busca, o compartilhamento de um documento espec\u00edfico, coment\u00e1rios, visualiza\u00e7\u00f5es de p\u00e1ginas, perfis, a URL de onde o usu\u00e1rio e visitante prov\u00eam, o navegador que utilizam e seus IPs de acesso, dentre outras que poder\u00e3o ser armazenadas e retidas.<\/span><span style=\"font-weight: 400;\"><br \/><br \/><\/span><\/li><\/ul><ul><li style=\"font-weight: 400;\" aria-level=\"1\"><span style=\"font-weight: 400;\">Dados para otimiza\u00e7\u00e3o da navega\u00e7\u00e3o: (exemplo: acesso a p\u00e1ginas, palavras-chave utilizadas na busca, recomenda\u00e7\u00f5es, coment\u00e1rios, intera\u00e7\u00e3o com outros perfis e usu\u00e1rios, perfis seguidos, endere\u00e7o de IP).<\/span><span style=\"font-weight: 400;\"><br \/><br \/><\/span><\/li><li style=\"font-weight: 400;\" aria-level=\"1\"><span style=\"font-weight: 400;\">Newsletter: o e-mail cadastrado pelo visitante que opta por se inscrever na Newsletter ser\u00e1 coletado e armazenado at\u00e9 que o usu\u00e1rio solicite o descadastramento.<\/span><span style=\"font-weight: 400;\"><br \/><br \/><\/span><\/li><\/ul><p><span style=\"font-weight: 400;\">PARA QUE FINALIDADES UTILIZAMOS OS DADOS PESSOAIS DO USU\u00c1RIO E VISITANTE?<\/span><\/p><p><span style=\"font-weight: 400;\"><br \/><\/span><span style=\"font-weight: 400;\">Os dados pessoais do usu\u00e1rio e do visitante coletados e armazenados pela plataforma site <\/span><a href=\"https:\/\/ilti.com.br\/es\/\"><span style=\"font-weight: 400;\">https:\/\/ilti.com.br\/<\/span><\/a><span style=\"font-weight: 400;\"> tem por finalidade:<\/span><\/p><ul><li style=\"font-weight: 400;\" aria-level=\"1\"><span style=\"font-weight: 400;\">Bem-estar do usu\u00e1rio e visitante: aprimorar os servi\u00e7os oferecidos, facilitar, agilizar e cumprir os compromissos estabelecidos entre o usu\u00e1rio e a empresa, melhorar a experi\u00eancia dos usu\u00e1rios e fornecer funcionalidades espec\u00edficas a depender das caracter\u00edsticas b\u00e1sicas do usu\u00e1rio.<\/span><span style=\"font-weight: 400;\"><br \/><br \/><\/span><\/li><li style=\"font-weight: 400;\" aria-level=\"1\"><span style=\"font-weight: 400;\">Melhorias da plataforma: compreender como o usu\u00e1rio utiliza os servi\u00e7os da plataforma, para ajudar no desenvolvimento de neg\u00f3cios e t\u00e9cnicas.<\/span><span style=\"font-weight: 400;\"><br \/><br \/><\/span><\/li><li style=\"font-weight: 400;\" aria-level=\"1\"><span style=\"font-weight: 400;\">Comercial: os dados s\u00e3o usados para personalizar o conte\u00fado oferecido e gerar subs\u00eddio \u00e0 plataforma para a melhora da qualidade no funcionamento dos servi\u00e7os.<\/span><span style=\"font-weight: 400;\"><br \/><br \/><\/span><\/li><\/ul><p><span style=\"font-weight: 400;\">O tratamento de dados pessoais para finalidades n\u00e3o previstas nesta Pol\u00edtica de Privacidade somente ocorrer\u00e1 mediante comunica\u00e7\u00e3o pr\u00e9via ao usu\u00e1rio, de modo que os direitos e obriga\u00e7\u00f5es aqui previstos permanecem aplic\u00e1veis.<\/span><\/p><p><span style=\"font-weight: 400;\">POR QUANTO TEMPO OS DADOS PESSOAIS FICAM ARMAZENADOS?<\/span><\/p><p><span style=\"font-weight: 400;\"><br \/><\/span><span style=\"font-weight: 400;\">Os dados pessoais do usu\u00e1rio e visitante s\u00e3o armazenados pela plataforma durante o per\u00edodo necess\u00e1rio para a presta\u00e7\u00e3o do servi\u00e7o ou o cumprimento das finalidades previstas no presente documento, conforme o disposto no inciso\u00a0<\/span><a href=\"https:\/\/www.jusbrasil.com.br\/topicos\/200399061\/inciso-i-do-artigo-15-da-lei-n-13709-de-14-de-agosto-de-2018\"><span style=\"font-weight: 400;\">I<\/span><\/a><span style=\"font-weight: 400;\">\u00a0do artigo\u00a0<\/span><a href=\"https:\/\/www.jusbrasil.com.br\/topicos\/200399064\/artigo-15-da-lei-n-13709-de-14-de-agosto-de-2018\"><span style=\"font-weight: 400;\">15<\/span><\/a><span style=\"font-weight: 400;\">\u00a0da Lei\u00a0<\/span><a href=\"https:\/\/www.jusbrasil.com.br\/legislacao\/612902269\/lei-13709-18\"><span style=\"font-weight: 400;\">13.709<\/span><\/a><span style=\"font-weight: 400;\">\/18.<\/span><\/p><p><span style=\"font-weight: 400;\"><br \/><\/span><span style=\"font-weight: 400;\">Os dados podem ser removidos ou anonimizados a pedido do usu\u00e1rio, excetuando os casos em que a lei oferecer outro tratamento.<\/span><\/p><p><span style=\"font-weight: 400;\">Ainda, os dados pessoais dos usu\u00e1rios apenas podem ser conservados ap\u00f3s o t\u00e9rmino de seu tratamento nas seguintes hip\u00f3teses previstas no artigo 16 da referida lei:<\/span><\/p><p><span style=\"font-weight: 400;\">I \u2013 Cumprimento de obriga\u00e7\u00e3o legal ou regulat\u00f3ria pelo controlador;<\/span><\/p><p><span style=\"font-weight: 400;\">II \u2013 Estudo por \u00f3rg\u00e3o de pesquisa, garantida, sempre que poss\u00edvel, a anonimiza\u00e7\u00e3o dos dados pessoais;<\/span><\/p><p><span style=\"font-weight: 400;\">III \u2013 transfer\u00eancia a terceiro, desde que respeitados os requisitos de tratamento de dados dispostos nesta Lei;<\/span><\/p><p><span style=\"font-weight: 400;\">IV \u2013 Uso exclusivo do controlador, vedado seu acesso por terceiro, e desde que anonimizados os dados.<\/span><span style=\"font-weight: 400;\"><br \/><\/span><span style=\"font-weight: 400;\"><br \/><\/span><span style=\"font-weight: 400;\">SEGURAN\u00c7A DOS DADOS PESSOAIS ARMAZENADOS<\/span><span style=\"font-weight: 400;\"><br \/><\/span><span style=\"font-weight: 400;\"><br \/><\/span><span style=\"font-weight: 400;\">A plataforma se compromete a aplicar as medidas t\u00e9cnicas e organizativas aptas a proteger os dados pessoais de acessos n\u00e3o autorizados e de situa\u00e7\u00f5es de destrui\u00e7\u00e3o, perda, altera\u00e7\u00e3o, comunica\u00e7\u00e3o ou difus\u00e3o de tais dados.<\/span><\/p><p><span style=\"font-weight: 400;\">Os dados pessoais armazenados s\u00e3o tratados com confidencialidade, dentro dos limites legais. No entanto, podemos divulgar suas informa\u00e7\u00f5es pessoais caso sejamos obrigados pela lei para faz\u00ea-lo ou se voc\u00ea violar nossos Termos de Servi\u00e7o.<\/span><\/p><p><span style=\"font-weight: 400;\">COMPARTILHAMENTO DOS DADOS<\/span><span style=\"font-weight: 400;\"><br \/><br \/><\/span><\/p><p><span style=\"font-weight: 400;\">O compartilhamento de dados do usu\u00e1rio ocorre apenas com os dados referentes a publica\u00e7\u00f5es realizadas pelo pr\u00f3prio usu\u00e1rio, tais a\u00e7\u00f5es s\u00e3o compartilhadas publicamente com os outros usu\u00e1rios.<\/span><\/p><p><span style=\"font-weight: 400;\">OS DADOS PESSOAIS ARMAZENADOS SER\u00c3O TRANSFERIDOS A TERCEIROS?<\/span><\/p><p><span style=\"font-weight: 400;\"><br \/><\/span><span style=\"font-weight: 400;\">Os dados pessoais n\u00e3o podem ser compartilhados com terceiros.<\/span><\/p><p><span style=\"font-weight: 400;\">COOKIES OU DADOS DE NAVEGA\u00c7\u00c3O<\/span><\/p><p><span style=\"font-weight: 400;\"><br \/><\/span><span style=\"font-weight: 400;\">Os cookies referem-se a arquivos de texto enviados pela plataforma ao computador do usu\u00e1rio e visitante e que nele ficam armazenados, com informa\u00e7\u00f5es relacionadas \u00e0 navega\u00e7\u00e3o no site. Tais informa\u00e7\u00f5es s\u00e3o relacionadas aos dados de acesso como local e hor\u00e1rio de acesso e s\u00e3o armazenadas pelo navegador do usu\u00e1rio e visitante para que o servidor da plataforma possa l\u00ea-las posteriormente a fim de personalizar os servi\u00e7os da plataforma.<\/span><\/p><p><span style=\"font-weight: 400;\">O usu\u00e1rio e o visitante da plataforma site https:\/\/ilti.com.br\/ manifesta conhecer e aceitar que pode ser utilizado um sistema de coleta de dados de navega\u00e7\u00e3o mediante \u00e0 utiliza\u00e7\u00e3o de cookies.<\/span><\/p><p><span style=\"font-weight: 400;\">O cookie persistente permanece no disco r\u00edgido do usu\u00e1rio e visitante depois que o navegador \u00e9 fechado e ser\u00e1 usado pelo navegador em visitas subsequentes ao site.<\/span><span style=\"font-weight: 400;\"><br \/><\/span><span style=\"font-weight: 400;\"><br \/><\/span><span style=\"font-weight: 400;\">Os cookies persistentes podem ser removidos seguindo as instru\u00e7\u00f5es do seu navegador. J\u00e1 o cookie de sess\u00e3o \u00e9 tempor\u00e1rio e desaparece depois que o navegador \u00e9 fechado. \u00c9 poss\u00edvel redefinir seu navegador da web para recusar todos os cookies, por\u00e9m alguns recursos da plataforma podem n\u00e3o funcionar corretamente se a capacidade de aceitar cookies estiver desabilitada.<\/span><\/p><p><span style=\"font-weight: 400;\">CONSENTIMENTO<\/span><\/p><p><span style=\"font-weight: 400;\"><br \/><\/span><span style=\"font-weight: 400;\">Ao utilizar os servi\u00e7os e fornecer as informa\u00e7\u00f5es pessoais na plataforma, o usu\u00e1rio est\u00e1 consentindo com a presente Pol\u00edtica de Privacidade.<\/span><\/p><p><span style=\"font-weight: 400;\">O usu\u00e1rio, ao cadastrar-se, manifesta conhecer e pode exercitar seus direitos de cancelar seu cadastro, acessar e atualizar seus dados pessoais e garante a veracidade das informa\u00e7\u00f5es por ele disponibilizadas.<\/span><\/p><p><span style=\"font-weight: 400;\">O usu\u00e1rio tem direito de retirar o seu consentimento a qualquer tempo, para tanto deve entrar em contato atrav\u00e9s do e-mail marketing@ilti.com.br<\/span><i><span style=\"font-weight: 400;\">\u00a0<\/span><\/i><i><span style=\"font-weight: 400;\"><br \/><br \/><\/span><\/i><\/p><p><span style=\"font-weight: 400;\">ALTERA\u00c7\u00d5ES PARA ESSA POL\u00cdTICA DE PRIVACIDADE<\/span><\/p><p><span style=\"font-weight: 400;\"><br \/><\/span><span style=\"font-weight: 400;\">Reservamos o direito de modificar essa Pol\u00edtica de Privacidade a qualquer momento, ent\u00e3o, \u00e9 recomend\u00e1vel que o usu\u00e1rio e visitante revise-a com frequ\u00eancia.<\/span><\/p><p><span style=\"font-weight: 400;\">As altera\u00e7\u00f5es e esclarecimentos v\u00e3o surtir efeito imediatamente ap\u00f3s sua publica\u00e7\u00e3o na plataforma. Quando realizadas altera\u00e7\u00f5es os usu\u00e1rios ser\u00e3o notificados. Ao utilizar o servi\u00e7o ou fornecer informa\u00e7\u00f5es pessoais ap\u00f3s eventuais modifica\u00e7\u00f5es, o usu\u00e1rio e visitante demonstra sua concord\u00e2ncia com as novas normas.<\/span><\/p><p><span style=\"font-weight: 400;\">Diante da fus\u00e3o ou venda da plataforma \u00e0 outra empresa os dados dos usu\u00e1rios podem ser transferidos para os novos propriet\u00e1rios para a perman\u00eancia dos servi\u00e7os oferecidos.<\/span><\/p><p><span style=\"font-weight: 400;\">JURISDI\u00c7\u00c3O PARA RESOLU\u00c7\u00c3O DE CONFLITOS<\/span><\/p><p><span style=\"font-weight: 400;\"><br \/><\/span><span style=\"font-weight: 400;\">Para a solu\u00e7\u00e3o de controv\u00e9rsias decorrentes do presente instrumento ser\u00e1 aplicado integralmente o Direito brasileiro.<\/span><\/p><p><span style=\"font-weight: 400;\">Os eventuais lit\u00edgios dever\u00e3o ser apresentados no foro da comarca em que se encontra a sede da empresa.<\/span><\/p>\t\t\t\t\t\t\t\t<\/div>\n\t\t\t\t<\/div>\n\t\t\t\t\t<\/div>\n\t\t<\/div>\n\t\t\t\t\t<\/div>\n\t\t<\/section>\n\t\t\t\t<\/div>","protected":false},"excerpt":{"rendered":"<p>Politica de Privacidade N\u00f3s da Intermodal Logistics temos todo o cuidado com seus dados e informa\u00e7\u00f5es, trabalhamos em conformidade com a Regulamenta\u00e7\u00e3o com a Lei Geral de Prote\u00e7\u00e3o de Dados Pessoais (Lei n\u00ba\u00a013709\/18). Nos comprometemos com as normas e exig\u00eancias acerca da coleta, armazenamento e tratamento de dados pessoais de usu\u00e1rios e visitantes de nosso [&hellip;]<\/p>\n","protected":false},"author":2,"featured_media":0,"parent":0,"menu_order":0,"comment_status":"closed","ping_status":"closed","template":"elementor_header_footer","meta":{"_joinchat":[],"footnotes":""},"class_list":["post-388","page","type-page","status-publish","hentry"],"_links":{"self":[{"href":"https:\/\/ilti.com.br\/es\/wp-json\/wp\/v2\/pages\/388","targetHints":{"allow":["GET"]}}],"collection":[{"href":"https:\/\/ilti.com.br\/es\/wp-json\/wp\/v2\/pages"}],"about":[{"href":"https:\/\/ilti.com.br\/es\/wp-json\/wp\/v2\/types\/page"}],"author":[{"embeddable":true,"href":"https:\/\/ilti.com.br\/es\/wp-json\/wp\/v2\/users\/2"}],"replies":[{"embeddable":true,"href":"https:\/\/ilti.com.br\/es\/wp-json\/wp\/v2\/comments?post=388"}],"version-history":[{"count":1,"href":"https:\/\/ilti.com.br\/es\/wp-json\/wp\/v2\/pages\/388\/revisions"}],"predecessor-version":[{"id":1495,"href":"https:\/\/ilti.com.br\/es\/wp-json\/wp\/v2\/pages\/388\/revisions\/1495"}],"wp:attachment":[{"href":"https:\/\/ilti.com.br\/es\/wp-json\/wp\/v2\/media?parent=388"}],"curies":[{"name":"wp","href":"https:\/\/api.w.org\/{rel}","templated":true}]}}